{"id":601,"date":"2015-07-15T15:26:46","date_gmt":"2015-07-15T15:26:46","guid":{"rendered":"http:\/\/ferieldiederen.com\/fd\/?page_id=601"},"modified":"2024-06-12T20:59:21","modified_gmt":"2024-06-12T20:59:21","slug":"presse","status":"publish","type":"page","link":"https:\/\/ferieldiederen.com\/fd\/presse\/","title":{"rendered":"Presse"},"content":{"rendered":"<h1>Presse<\/h1>\n<hr>\n<p>Le dossier de presse est un document qui r\u00e9capitule l&rsquo;univers de l\u2019artiste,&nbsp;ses accomplissements tout en captant l\u2019attention du lecteur. C&rsquo;est une sorte de portfolio qui regroupe donc diff\u00e9rents chapitres (biographie musicale, prestations, \u00e9v\u00e8nements artistiques, prix, discographie, lien Youtube, photos,&#8230;)<\/p>\n<p>T\u00e9l\u00e9chargez-le en format PDF<\/p>\n<p><img loading=\"lazy\" decoding=\"async\" class=\"alignnone size-medium wp-image-1980\" src=\"https:\/\/ferieldiederen.com\/fd\/wp-content\/uploads\/2022\/04\/ad-211x300.png\" alt=\"\" width=\"211\" height=\"300\" srcset=\"https:\/\/ferieldiederen.com\/fd\/wp-content\/uploads\/2022\/04\/ad-211x300.png 211w, https:\/\/ferieldiederen.com\/fd\/wp-content\/uploads\/2022\/04\/ad-200x284.png 200w, https:\/\/ferieldiederen.com\/fd\/wp-content\/uploads\/2022\/04\/ad-300x426.png 300w, https:\/\/ferieldiederen.com\/fd\/wp-content\/uploads\/2022\/04\/ad.png 388w\" sizes=\"auto, (max-width: 211px) 100vw, 211px\" \/><\/p>\n<p><a href=\"https:\/\/ferieldiederen.com\/fd\/wp-content\/uploads\/2022\/04\/Dossier-de-presse-Feriel-Diederen.pdf\">Dossier-de-presse-F\u00e9riel-Diederen<\/a><\/p>\n<p>&nbsp;<\/p>\n","protected":false},"excerpt":{"rendered":"<p>Presse Le dossier de presse est un document qui r\u00e9capitule l&rsquo;univers de l\u2019artiste,&nbsp;ses accomplissements tout en captant l\u2019attention du lecteur. C&rsquo;est une sorte de portfolio qui regroupe donc diff\u00e9rents chapitres (biographie musicale, prestations, \u00e9v\u00e8nements artistiques, prix, discographie, lien Youtube, photos,&#8230;) T\u00e9l\u00e9chargez-le en format PDF Dossier-de-presse-F\u00e9riel-Diederen &nbsp;<\/p>\n","protected":false},"author":1,"featured_media":0,"parent":0,"menu_order":0,"comment_status":"closed","ping_status":"closed","template":"","meta":{"ngg_post_thumbnail":0,"footnotes":""},"class_list":["post-601","page","type-page","status-publish","hentry"],"jetpack_sharing_enabled":true,"_links":{"self":[{"href":"https:\/\/ferieldiederen.com\/fd\/wp-json\/wp\/v2\/pages\/601","targetHints":{"allow":["GET"]}}],"collection":[{"href":"https:\/\/ferieldiederen.com\/fd\/wp-json\/wp\/v2\/pages"}],"about":[{"href":"https:\/\/ferieldiederen.com\/fd\/wp-json\/wp\/v2\/types\/page"}],"author":[{"embeddable":true,"href":"https:\/\/ferieldiederen.com\/fd\/wp-json\/wp\/v2\/users\/1"}],"replies":[{"embeddable":true,"href":"https:\/\/ferieldiederen.com\/fd\/wp-json\/wp\/v2\/comments?post=601"}],"version-history":[{"count":38,"href":"https:\/\/ferieldiederen.com\/fd\/wp-json\/wp\/v2\/pages\/601\/revisions"}],"predecessor-version":[{"id":1983,"href":"https:\/\/ferieldiederen.com\/fd\/wp-json\/wp\/v2\/pages\/601\/revisions\/1983"}],"wp:attachment":[{"href":"https:\/\/ferieldiederen.com\/fd\/wp-json\/wp\/v2\/media?parent=601"}],"curies":[{"name":"wp","href":"https:\/\/api.w.org\/{rel}","templated":true}]}}