{"id":6,"date":"2015-06-26T07:00:46","date_gmt":"2015-06-26T07:00:46","guid":{"rendered":"http:\/\/ferieldiederen.com\/fd\/?page_id=6"},"modified":"2022-03-25T20:23:46","modified_gmt":"2022-03-25T20:23:46","slug":"accueil","status":"publish","type":"page","link":"https:\/\/ferieldiederen.com\/fd\/","title":{"rendered":"Accueil"},"content":{"rendered":"<p style=\"text-align: justify;\">C&rsquo;est d\u00e9j\u00e0 tr\u00e8s jeune que F\u00e9riel a commenc\u00e9 \u00e0 \u00e9couter et \u00e0 chanter des chansons \u00e0 texte de chanteurs connus. Pourtant, aucun membre de sa famille n&rsquo;a \u00e9volu\u00e9 dans le domaine artistique.<\/p>\n<p style=\"text-align: justify;\">Elle a d\u00e9couvert durant son enfance un chanteur qui depuis ne l&rsquo;a plus quitt\u00e9e : Yves Duteil. A 6 ans, c&rsquo;est \u00e0 son p\u00e8re qu&rsquo;elle a d\u00e9di\u00e9 une de ses chansons : \u00ab Prendre un enfant \u00bb, celle-ci ayant fait partie des plus belles chansons francophones du XXe si\u00e8cle.<\/p>\n<p style=\"text-align: justify;\">A 10 ans, c&rsquo;est aux F\u00eates de Wallonie, sous le chapiteau central situ\u00e9 dans la grande cour du Palais des Princes-Ev\u00eaques \u00e0 Li\u00e8ge que F\u00e9riel a r\u00e9alis\u00e9 sa premi\u00e8re interpr\u00e9tation en public.<\/p>\n<p style=\"text-align: justify;\">Quelques temps plus tard, elle s&rsquo;est inscrite \u00e0 l&rsquo;Enfantilum &#8211; Le micro bleu \u00e0 Vivegnis. Elle n&rsquo;a pas remport\u00e9 le concours. Qu&rsquo;importe : l&rsquo;essentiel, c&rsquo;est de participer !<\/p>\n<p style=\"text-align: justify;\">Pr\u00e9cisons que F\u00e9riel n&rsquo;a jamais suivi de cours de chant dans son pass\u00e9. Pour elle, chanter reste avant tout un passe-temps qu&rsquo;elle aime simplement partager avec les personnes qui l&rsquo;entourent. C&rsquo;est \u00e9galement une mani\u00e8re de s&rsquo;ext\u00e9rioriser, de vaincre son stress et sa timidit\u00e9.<\/p>\n<p style=\"text-align: justify;\">C&rsquo;est plus ou moins \u00e0 17 ans qu&rsquo;elle se d\u00e9couvre une passion : le karaok\u00e9. Elle a d&rsquo;ailleurs r\u00e9guli\u00e8rement l&rsquo;occasion d&rsquo;animer des soir\u00e9es \u00ab\u00a0DJ\u00a0\u00bb ainsi que des soir\u00e9es \u00ab\u00a0karaok\u00e9\u00a0\u00bb dans la r\u00e9gion li\u00e9geoise.<\/p>\n<p style=\"text-align: justify;\">Quelques ann\u00e9es plus tard, elle a particip\u00e9 \u00e0 certains \u00e9v\u00e8nements organis\u00e9s dans la r\u00e9gion :<\/p>\n<p style=\"text-align: justify;\">* aux concours de la \u00ab Chanson francophone \u00bb organis\u00e9s \u00e0 Soumagne par l&rsquo;Echevinat de la Culture, le Centre Culturel et \u00ab As de Choeur \u00bb.<\/p>\n<p style=\"text-align: justify;\">* \u00e0 quelques podiums lors de manifestations culturelles et artistiques.<\/p>\n<p style=\"text-align: justify;\">Depuis, elle se sent plus confiante. Le chant lui permet d&rsquo;affronter de nouveaux d\u00e9fis.<\/p>\n<p><script src=\"https:\/\/apis.google.com\/js\/platform.js\"><\/script><\/p>\n<div class=\"g-ytsubscribe\" data-channelid=\"UClUqqF85OruEOtajSMQeAtQ\" data-layout=\"full\" data-count=\"default\">&nbsp;<\/div>\n\n\n<div style=\"height:34px\" aria-hidden=\"true\" class=\"wp-block-spacer\"><\/div>\n","protected":false},"excerpt":{"rendered":"<p>C&rsquo;est d\u00e9j\u00e0 tr\u00e8s jeune que F\u00e9riel a commenc\u00e9 \u00e0 \u00e9couter et \u00e0 chanter des chansons \u00e0 texte de chanteurs connus. Pourtant, aucun membre de sa famille n&rsquo;a \u00e9volu\u00e9 dans le domaine artistique. Elle a d\u00e9couvert durant son enfance un chanteur qui depuis ne l&rsquo;a plus quitt\u00e9e : Yves Duteil. A 6 ans, c&rsquo;est \u00e0 son [&hellip;]<\/p>\n","protected":false},"author":1,"featured_media":0,"parent":0,"menu_order":0,"comment_status":"closed","ping_status":"closed","template":"page-templates\/full-width.php","meta":{"ngg_post_thumbnail":0,"footnotes":""},"class_list":["post-6","page","type-page","status-publish","hentry"],"jetpack_sharing_enabled":true,"_links":{"self":[{"href":"https:\/\/ferieldiederen.com\/fd\/wp-json\/wp\/v2\/pages\/6","targetHints":{"allow":["GET"]}}],"collection":[{"href":"https:\/\/ferieldiederen.com\/fd\/wp-json\/wp\/v2\/pages"}],"about":[{"href":"https:\/\/ferieldiederen.com\/fd\/wp-json\/wp\/v2\/types\/page"}],"author":[{"embeddable":true,"href":"https:\/\/ferieldiederen.com\/fd\/wp-json\/wp\/v2\/users\/1"}],"replies":[{"embeddable":true,"href":"https:\/\/ferieldiederen.com\/fd\/wp-json\/wp\/v2\/comments?post=6"}],"version-history":[{"count":19,"href":"https:\/\/ferieldiederen.com\/fd\/wp-json\/wp\/v2\/pages\/6\/revisions"}],"predecessor-version":[{"id":1946,"href":"https:\/\/ferieldiederen.com\/fd\/wp-json\/wp\/v2\/pages\/6\/revisions\/1946"}],"wp:attachment":[{"href":"https:\/\/ferieldiederen.com\/fd\/wp-json\/wp\/v2\/media?parent=6"}],"curies":[{"name":"wp","href":"https:\/\/api.w.org\/{rel}","templated":true}]}}