{"id":293,"date":"2015-06-28T22:30:22","date_gmt":"2015-06-28T22:30:22","guid":{"rendered":"http:\/\/ferieldiederen.com\/fd\/?page_id=293"},"modified":"2015-07-25T17:39:47","modified_gmt":"2015-07-25T17:39:47","slug":"termes-et-conditions","status":"publish","type":"page","link":"https:\/\/ferieldiederen.com\/fd\/termes-et-conditions\/","title":{"rendered":"Termes et conditions"},"content":{"rendered":"<p>Termes et conditions<\/p>\n<hr \/>\n<p>L\u2019utilisation du site Internet, des services offerts et des produits d\u00e9pendent de votre consentement aux conditions d\u2019utilisation suivantes :<\/p>\n<ul>\n<li style=\"text-align: justify;\">Vous consentez \u00e0 ne pas utiliser le site Internet d\u2019une mani\u00e8re qui provoque des interruptions, des endommagements, des entraves de l\u2019efficience ou de la fonctionnalit\u00e9 ou \u00e0 ne pas essayer d\u2019avoir acc\u00e8s de mani\u00e8re illicite aux domaines ou composants du site Internet.<\/li>\n<li style=\"text-align: justify;\">Nous nous r\u00e9servons tous les droits sur le site Internet, en particulier sur les textes, les illustrations, les graphiques, les sons, les animations et vid\u00e9os, le code de programmation ainsi que sur la pr\u00e9sentation et la structure du site.<\/li>\n<li style=\"text-align: justify;\">Tous les contenus, en particulier toutes les illustrations, ne peuvent \u00eatre utilis\u00e9s sans consentement pr\u00e9alable par \u00e9crit except\u00e9 \u00e0 des fins personnelles et priv\u00e9es.<\/li>\n<li style=\"text-align: justify;\">Ce site contient du mat\u00e9riel qui est sous licence. Il a \u00e9t\u00e9 conclu un accord avec la SABAM, en vertu duquel les auteurs\/compositeurs des morceaux concern\u00e9s sont r\u00e9mun\u00e9r\u00e9s de fa\u00e7on juste pour l\u2019utilisation de leur r\u00e9pertoire. Toute reproduction est interdite, sauf en conformit\u00e9 avec l&rsquo;avis de droit d&rsquo;auteur, qui fait partie de ces termes et conditions.<\/li>\n<li style=\"text-align: justify;\">Si vous choisissez de r\u00e9gler le prix d&rsquo;achat en un seul versement, le prix d&rsquo;achat total sera factur\u00e9 selon le mode de paiement que vous s\u00e9lectionnerez sur la page de confirmation de commande. Les frais d&rsquo;exp\u00e9dition applicables seront ajout\u00e9s et factur\u00e9s dans votre versement initial sur la base de la valeur totale du produit achet\u00e9.<\/li>\n<li style=\"text-align: justify;\">Les achats de produits s&rsquo;accompagnent d&rsquo;une garantie dans les trente jours \u00e0 compter de la date d&rsquo;achat et peuvent \u00eatre \u00e9chang\u00e9s UNIQUEMENT en cas de d\u00e9fauts majeurs pr\u00e9sents sur le produit. Pour toute contestation concernant la garantie, vous pouvez prendre contact en indiquant le motif de votre r\u00e9clamation.<\/li>\n<\/ul>\n<p style=\"text-align: right;\"><a href=\"https:\/\/ferieldiederen.com\/fd\/shop\/\">BOUTIQUE<\/a><\/p>\n","protected":false},"excerpt":{"rendered":"<p>Termes et conditions L\u2019utilisation du site Internet, des services offerts et des produits d\u00e9pendent de votre consentement aux conditions d\u2019utilisation suivantes : Vous consentez \u00e0 ne pas utiliser le site Internet d\u2019une mani\u00e8re qui provoque des interruptions, des endommagements, des entraves de l\u2019efficience ou de la fonctionnalit\u00e9 ou \u00e0 ne pas essayer d\u2019avoir acc\u00e8s de [&hellip;]<\/p>\n","protected":false},"author":1,"featured_media":0,"parent":0,"menu_order":0,"comment_status":"closed","ping_status":"open","template":"page-templates\/front-page.php","meta":{"ngg_post_thumbnail":0,"footnotes":""},"class_list":["post-293","page","type-page","status-publish","hentry"],"jetpack_sharing_enabled":true,"_links":{"self":[{"href":"https:\/\/ferieldiederen.com\/fd\/wp-json\/wp\/v2\/pages\/293","targetHints":{"allow":["GET"]}}],"collection":[{"href":"https:\/\/ferieldiederen.com\/fd\/wp-json\/wp\/v2\/pages"}],"about":[{"href":"https:\/\/ferieldiederen.com\/fd\/wp-json\/wp\/v2\/types\/page"}],"author":[{"embeddable":true,"href":"https:\/\/ferieldiederen.com\/fd\/wp-json\/wp\/v2\/users\/1"}],"replies":[{"embeddable":true,"href":"https:\/\/ferieldiederen.com\/fd\/wp-json\/wp\/v2\/comments?post=293"}],"version-history":[{"count":8,"href":"https:\/\/ferieldiederen.com\/fd\/wp-json\/wp\/v2\/pages\/293\/revisions"}],"predecessor-version":[{"id":968,"href":"https:\/\/ferieldiederen.com\/fd\/wp-json\/wp\/v2\/pages\/293\/revisions\/968"}],"wp:attachment":[{"href":"https:\/\/ferieldiederen.com\/fd\/wp-json\/wp\/v2\/media?parent=293"}],"curies":[{"name":"wp","href":"https:\/\/api.w.org\/{rel}","templated":true}]}}