{"id":22,"date":"2015-06-26T16:49:44","date_gmt":"2015-06-26T16:49:44","guid":{"rendered":"http:\/\/ferieldiederen.com\/fd\/?page_id=22"},"modified":"2022-04-14T21:45:07","modified_gmt":"2022-04-14T21:45:07","slug":"special","status":"publish","type":"page","link":"https:\/\/ferieldiederen.com\/fd\/special\/","title":{"rendered":"Sp\u00e9cial"},"content":{"rendered":"<h1>&nbsp;<\/h1>\n<p>L&rsquo;onglet \u00ab\u00a0Sp\u00e9cial\u00a0\u00bb est destin\u00e9 aux professionnels de la musique et comporte diff\u00e9rentes rubriques prot\u00e9g\u00e9es par un mot de passe.<\/p>\n<p>Pour acc\u00e9der \u00e0 ces rubriques, veuillez&nbsp;contacter l&rsquo;administrateur du site via l&rsquo;onglet <strong><span style=\"color: #3366ff;\"><a style=\"color: #3366ff;\" href=\"https:\/\/ferieldiederen.com\/fd\/contact\/\">Contact<\/a><\/span><\/strong>.<\/p>\n","protected":false},"excerpt":{"rendered":"<p>&nbsp; L&rsquo;onglet \u00ab\u00a0Sp\u00e9cial\u00a0\u00bb est destin\u00e9 aux professionnels de la musique et comporte diff\u00e9rentes rubriques prot\u00e9g\u00e9es par un mot de passe. Pour acc\u00e9der \u00e0 ces rubriques, veuillez&nbsp;contacter l&rsquo;administrateur du site via l&rsquo;onglet Contact.<\/p>\n","protected":false},"author":1,"featured_media":0,"parent":0,"menu_order":0,"comment_status":"open","ping_status":"open","template":"page-templates\/front-page.php","meta":{"ngg_post_thumbnail":0,"footnotes":""},"class_list":["post-22","page","type-page","status-publish","hentry"],"jetpack_sharing_enabled":true,"_links":{"self":[{"href":"https:\/\/ferieldiederen.com\/fd\/wp-json\/wp\/v2\/pages\/22","targetHints":{"allow":["GET"]}}],"collection":[{"href":"https:\/\/ferieldiederen.com\/fd\/wp-json\/wp\/v2\/pages"}],"about":[{"href":"https:\/\/ferieldiederen.com\/fd\/wp-json\/wp\/v2\/types\/page"}],"author":[{"embeddable":true,"href":"https:\/\/ferieldiederen.com\/fd\/wp-json\/wp\/v2\/users\/1"}],"replies":[{"embeddable":true,"href":"https:\/\/ferieldiederen.com\/fd\/wp-json\/wp\/v2\/comments?post=22"}],"version-history":[{"count":11,"href":"https:\/\/ferieldiederen.com\/fd\/wp-json\/wp\/v2\/pages\/22\/revisions"}],"predecessor-version":[{"id":2111,"href":"https:\/\/ferieldiederen.com\/fd\/wp-json\/wp\/v2\/pages\/22\/revisions\/2111"}],"wp:attachment":[{"href":"https:\/\/ferieldiederen.com\/fd\/wp-json\/wp\/v2\/media?parent=22"}],"curies":[{"name":"wp","href":"https:\/\/api.w.org\/{rel}","templated":true}]}}