{"id":1390,"date":"2017-03-27T21:16:53","date_gmt":"2017-03-27T21:16:53","guid":{"rendered":"http:\/\/ferieldiederen.com\/fd\/?page_id=1390"},"modified":"2024-06-12T20:59:31","modified_gmt":"2024-06-12T20:59:31","slug":"references","status":"publish","type":"page","link":"https:\/\/ferieldiederen.com\/fd\/special\/references\/","title":{"rendered":"R\u00e9f\u00e9rences"},"content":{"rendered":"<h1>R\u00e9f\u00e9rences<\/h1>\n<hr>\n<p><img loading=\"lazy\" decoding=\"async\" class=\"alignnone size-medium wp-image-1984\" src=\"https:\/\/ferieldiederen.com\/fd\/wp-content\/uploads\/2022\/04\/cv-211x300.png\" alt=\"\" width=\"211\" height=\"300\" srcset=\"https:\/\/ferieldiederen.com\/fd\/wp-content\/uploads\/2022\/04\/cv-211x300.png 211w, https:\/\/ferieldiederen.com\/fd\/wp-content\/uploads\/2022\/04\/cv-200x284.png 200w, https:\/\/ferieldiederen.com\/fd\/wp-content\/uploads\/2022\/04\/cv-300x426.png 300w, https:\/\/ferieldiederen.com\/fd\/wp-content\/uploads\/2022\/04\/cv.png 392w\" sizes=\"auto, (max-width: 211px) 100vw, 211px\" \/><\/p>\n<p><a href=\"https:\/\/ferieldiederen.com\/fd\/wp-content\/uploads\/2022\/04\/CV-musical-references-Feriel-Diederen.pdf\">CV musical (r\u00e9f\u00e9rences) &#8211; F\u00e9riel Diederen<\/a><\/p>\n\n\n<p><\/p>\n","protected":false},"excerpt":{"rendered":"<p>R\u00e9f\u00e9rences CV musical (r\u00e9f\u00e9rences) &#8211; F\u00e9riel Diederen<\/p>\n","protected":false},"author":1,"featured_media":0,"parent":22,"menu_order":0,"comment_status":"closed","ping_status":"closed","template":"","meta":{"ngg_post_thumbnail":0,"footnotes":""},"class_list":["post-1390","page","type-page","status-publish","hentry"],"jetpack_sharing_enabled":true,"_links":{"self":[{"href":"https:\/\/ferieldiederen.com\/fd\/wp-json\/wp\/v2\/pages\/1390","targetHints":{"allow":["GET"]}}],"collection":[{"href":"https:\/\/ferieldiederen.com\/fd\/wp-json\/wp\/v2\/pages"}],"about":[{"href":"https:\/\/ferieldiederen.com\/fd\/wp-json\/wp\/v2\/types\/page"}],"author":[{"embeddable":true,"href":"https:\/\/ferieldiederen.com\/fd\/wp-json\/wp\/v2\/users\/1"}],"replies":[{"embeddable":true,"href":"https:\/\/ferieldiederen.com\/fd\/wp-json\/wp\/v2\/comments?post=1390"}],"version-history":[{"count":14,"href":"https:\/\/ferieldiederen.com\/fd\/wp-json\/wp\/v2\/pages\/1390\/revisions"}],"predecessor-version":[{"id":1985,"href":"https:\/\/ferieldiederen.com\/fd\/wp-json\/wp\/v2\/pages\/1390\/revisions\/1985"}],"up":[{"embeddable":true,"href":"https:\/\/ferieldiederen.com\/fd\/wp-json\/wp\/v2\/pages\/22"}],"wp:attachment":[{"href":"https:\/\/ferieldiederen.com\/fd\/wp-json\/wp\/v2\/media?parent=1390"}],"curies":[{"name":"wp","href":"https:\/\/api.w.org\/{rel}","templated":true}]}}