{"id":1359,"date":"2017-03-05T22:09:06","date_gmt":"2017-03-05T22:09:06","guid":{"rendered":"http:\/\/ferieldiederen.com\/fd\/?page_id=1359"},"modified":"2024-06-12T20:59:40","modified_gmt":"2024-06-12T20:59:40","slug":"tracklist","status":"publish","type":"page","link":"https:\/\/ferieldiederen.com\/fd\/special\/tracklist\/","title":{"rendered":"Tracklist"},"content":{"rendered":"<p>La tracklist est un document qui r\u00e9capitule la liste compl\u00e8te des chansons pouvant \u00eatre interpr\u00e9t\u00e9es par l&rsquo;artiste. Celle-ci regroupe les titres, les noms des chanteurs ainsi que le minutage de chaque chanson.<\/p>\n<p><a href=\"https:\/\/ferieldiederen.com\/fd\/wp-content\/uploads\/2018\/07\/Tracklist-F\u00e9riel-Diederen.docx\">Tracklist &#8211; F\u00e9riel Diederen<\/a><\/p>\n<p><a href=\"https:\/\/ferieldiederen.com\/fd\/wp-content\/uploads\/2017\/08\/Tracklist-F\u00e9riel-Diederen-JJG.docx\" data-wplink-edit=\"true\">Tracklist &#8211; F\u00e9riel Diederen (JJG)<\/a><\/p>\n","protected":false},"excerpt":{"rendered":"<p>La tracklist est un document qui r\u00e9capitule la liste compl\u00e8te des chansons pouvant \u00eatre interpr\u00e9t\u00e9es par l&rsquo;artiste. Celle-ci regroupe les titres, les noms des chanteurs ainsi que le minutage de chaque chanson. Tracklist &#8211; F\u00e9riel Diederen Tracklist &#8211; F\u00e9riel Diederen (JJG)<\/p>\n","protected":false},"author":1,"featured_media":0,"parent":22,"menu_order":2,"comment_status":"closed","ping_status":"closed","template":"","meta":{"ngg_post_thumbnail":0,"footnotes":""},"class_list":["post-1359","page","type-page","status-publish","hentry"],"jetpack_sharing_enabled":true,"_links":{"self":[{"href":"https:\/\/ferieldiederen.com\/fd\/wp-json\/wp\/v2\/pages\/1359","targetHints":{"allow":["GET"]}}],"collection":[{"href":"https:\/\/ferieldiederen.com\/fd\/wp-json\/wp\/v2\/pages"}],"about":[{"href":"https:\/\/ferieldiederen.com\/fd\/wp-json\/wp\/v2\/types\/page"}],"author":[{"embeddable":true,"href":"https:\/\/ferieldiederen.com\/fd\/wp-json\/wp\/v2\/users\/1"}],"replies":[{"embeddable":true,"href":"https:\/\/ferieldiederen.com\/fd\/wp-json\/wp\/v2\/comments?post=1359"}],"version-history":[{"count":40,"href":"https:\/\/ferieldiederen.com\/fd\/wp-json\/wp\/v2\/pages\/1359\/revisions"}],"predecessor-version":[{"id":2728,"href":"https:\/\/ferieldiederen.com\/fd\/wp-json\/wp\/v2\/pages\/1359\/revisions\/2728"}],"up":[{"embeddable":true,"href":"https:\/\/ferieldiederen.com\/fd\/wp-json\/wp\/v2\/pages\/22"}],"wp:attachment":[{"href":"https:\/\/ferieldiederen.com\/fd\/wp-json\/wp\/v2\/media?parent=1359"}],"curies":[{"name":"wp","href":"https:\/\/api.w.org\/{rel}","templated":true}]}}